{"id":380,"date":"2021-12-12T17:39:07","date_gmt":"2021-12-12T17:39:07","guid":{"rendered":"https:\/\/earthsthanks.com\/?post_type=product&#038;p=380"},"modified":"2024-12-19T03:10:22","modified_gmt":"2024-12-19T03:10:22","slug":"12-bath-bomb-gift-zero-waste-gift-set","status":"publish","type":"product","link":"http:\/\/earthsthanks.com\/fr\/product\/12-bath-bomb-gift-zero-waste-gift-set\/","title":{"rendered":"Ensemble de 12 bombes de bain"},"content":{"rendered":"<p>Bombe de bain \u00e9cologique \u00e0 base d&#039;huile de noix de coco, parfaite pour les peaux s\u00e8ches<\/p>\n<p>Pourquoi acheter une bombe de bain quand vous pouvez en avoir douze\u00a0?<\/p>\n<p>Vous connaissez quelqu&#039;un qui adore se tremper dans des bains ? Est-ce que cette personne vous? Quoi qu&#039;il en soit, \u00e9conomisez sur l&#039;achat de bombes de bain individuelles et obtenez cet ensemble cadeau de bombes de bain (12 bombes). Vous savez que vous allez les utiliser de toute fa\u00e7on\u2026 La vraie question est \u2013 maintenant que l&#039;hiver est l\u00e0 \u2013 combien de temps vont-ils vraiment vous durer ?<\/p>\n<p>Contient:<\/p>\n<p>6 bombes de bain fruit\u00e9es :<\/p>\n<p>- Fraise<br \/>\n\u2013 Mangue et fruit de la passion<br \/>\n- Orange douce<br \/>\n- Pamplemousse<br \/>\n\u2013 M\u00e9lange de fruits (orange, fraise, cerise et framboise)<br \/>\n\u2013 Cerise et framboise<\/p>\n<p>et<\/p>\n<p>6 bombes de bain relaxantes :<\/p>\n<p>\u2013 Musc blanc et noix de coco<br \/>\n\u2013 Ylang-Ylang et bergamote<br \/>\n\u2013 Freesia<br \/>\n\u2013 Eucalyptus et menthe<br \/>\n\u2013 Lavande<br \/>\n\u2013 Camomille<\/p>\n<p>**voir ingr\u00e9dients ci-dessous**<\/p>\n<p>Chaque bombe est fabriqu\u00e9e avec de l&#039;huile de noix de coco pour vous laisser une peau douce et hydrat\u00e9e apr\u00e8s votre bain !<\/p>\n<p>Profitez de bains sans culpabilit\u00e9\u00a0! Fabriqu\u00e9es avec des ingr\u00e9dients 100% naturels, v\u00e9g\u00e9taliens et de haute qualit\u00e9, nos bombes de bain respectent la Terre. Alors profitez de votre bain et savourez ce moment apaisant.<\/p>\n<p>Nos emballages sont \u00e9galement respectueux de l'environnement : nous utilisons des mat\u00e9riaux recycl\u00e9s qui peuvent ensuite \u00eatre r\u00e9utilis\u00e9s, recycl\u00e9s ou compost\u00e9s. Nos \u00e9tiquettes sont m\u00eame en pierre donc vous pouvez \u00eatre rassur\u00e9 qu'il y aura Z\u00c9RO D\u00c9CHET!<\/p>\n<p>Chaque bombe de bain est fabriqu\u00e9e avec amour et attention (c'est-\u00e0-dire \u00e0 la main\u00a0!) et est emball\u00e9e avec soin afin que votre nouvel acolyte de bain soit s\u00fbr d'arriver en parfait \u00e9tat.<\/p>\n<p>Ces bombes de bain font un excellent cadeau pour un \u00eatre cher (ou pour vous-m\u00eame, #TreatYoSelf!)<br \/>\n\u00c0 la caisse, vous pouvez choisir si vous souhaitez envoyer votre commande en cadeau. Vous pourrez ajouter un message \u00e0 inclure dans la bo\u00eete (et nous inclurons m\u00eame une petite surprise de notre part !) \ud83d\ude09<\/p>\n<p>\u2013 100% naturel<br \/>\n\u2013 Vegan<br \/>\n\u2013 Emballages fabriqu\u00e9s \u00e0 partir de mat\u00e9riaux recycl\u00e9s<br \/>\n\u2013 Les emballages sont r\u00e9utilisables, recyclables ou compostables<\/p>\n<p>Fraise<br \/>\nIngr\u00e9dients : bicarbonate de sodium, acide citrique, huile de coco bio, huile de tournesol bio, hamam\u00e9lis, ar\u00f4me naturel de mangue, ar\u00f4me naturel de fruit de la passion, colorant<\/p>\n<p>Mangue et fruit de la passion<br \/>\nIngr\u00e9dients : bicarbonate de sodium, acide citrique, huile de coco bio, huile de tournesol bio, hamam\u00e9lis, ar\u00f4me naturel de mangue, ar\u00f4me naturel de fruit de la passion, colorant<\/p>\n<p>Orange douce<br \/>\nIngr\u00e9dients : bicarbonate de sodium, acide citrique, huile de coco bio, huile de tournesol bio, hamam\u00e9lis, huile essentielle de mandarine douce, colorant<\/p>\n<p>Pamplemousse<br \/>\nIngr\u00e9dients : bicarbonate de sodium, acide citrique, huile de coco bio, huile de tournesol bio, hamam\u00e9lis, huile essentielle de pamplemousse, colorant<\/p>\n<p>M\u00e9lange de fruits (orange, fraise, cerise et framboise)<br \/>\nIngr\u00e9dients : bicarbonate de sodium, acide citrique, huile de coco bio, huile de tournesol bio, hamam\u00e9lis, huile essentielle d&#039;orange, huile essentielle de fraise, huile essentielle de cerise, huile essentielle de framboise, colorant<\/p>\n<p>Cerise et framboise<br \/>\nIngr\u00e9dients : bicarbonate de sodium, acide citrique, huile de coco bio, huile de tournesol bio, hamam\u00e9lis, huile essentielle de cerise, huile essentielle de framboise, colorant<\/p>\n<p>Bombe de bain au musc blanc et \u00e0 la noix de coco<br \/>\nIngr\u00e9dients : bicarbonate de sodium, acide citrique, huile de coco bio, huile de tournesol bio, hamam\u00e9lis, huile essentielle de musc blanc, huile essentielle de coco, colorant<\/p>\n<p>Bombe de bain ylang-ylang et bergamote<br \/>\nIngredients: sodium bicarbonate, citric acid, organic coconut oil, organic sunflower oil, witch hazel, ylang ylang essential oil, bergamot essential oil, color<\/p>\n<p>Bombe de bain freesia<br \/>\nIngr\u00e9dients : bicarbonate de sodium, acide citrique, huile de coco bio, huile de tournesol bio, hamam\u00e9lis, huile essentielle de freesia, colorant<\/p>\n<p>Bombe de bain eucalyptus et menthe<br \/>\nIngr\u00e9dients : bicarbonate de sodium, acide citrique, huile de coco bio, huile de tournesol bio, hamam\u00e9lis, huile essentielle d'eucalyptus, huile essentielle de menthe poivr\u00e9e, colorant<\/p>\n<p>Bombe de bain \u00e0 la lavande<br \/>\nIngr\u00e9dients : bicarbonate de sodium, acide citrique, huile de noix de coco infus\u00e9e \u00e0 la lavande biologique, huile de tournesol biologique, hamam\u00e9lis, huile essentielle de lavande, colorant<\/p>\n<p>Bombe de bain \u00e0 la camomille<br \/>\nIngr\u00e9dients : bicarbonate de sodium, acide citrique, huile de coco bio, huile de tournesol bio, hamam\u00e9lis, huile essentielle de camomille, eau de camomille, colorant<\/p>","protected":false},"excerpt":{"rendered":"<p>Eco-friendly Bath Bomb made with coconut oil, perfect for dry skin Why buy one bath bomb when you can get twelve? Know someone who loooooves to soak in baths? Is that person you? Either way, save on buying individual bath bombs and get this Bath Bomb Gift Set (12 Bombs). You know you\u2019re going to &hellip;<\/p>\n<p class=\"read-more\"> <a class=\"\" href=\"http:\/\/earthsthanks.com\/fr\/product\/12-bath-bomb-gift-zero-waste-gift-set\/\"> <span class=\"screen-reader-text\">Ensemble de 12 bombes de bain<\/span> Lire la suite\u00a0\u00bb<\/a><\/p>","protected":false},"featured_media":381,"comment_status":"open","ping_status":"closed","template":"","meta":{"site-sidebar-layout":"default","site-content-layout":"default","ast-main-header-display":"","ast-hfb-above-header-display":"","ast-hfb-below-header-display":"","ast-hfb-mobile-header-display":"","site-post-title":"","ast-breadcrumbs-content":"","ast-featured-img":"","footer-sml-layout":"","theme-transparent-header-meta":"default","adv-header-id-meta":"","stick-header-meta":"","header-above-stick-meta":"","header-main-stick-meta":"","header-below-stick-meta":""},"product_brand":[],"product_cat":[22,25],"product_tag":[],"class_list":{"0":"post-380","1":"product","2":"type-product","3":"status-publish","4":"has-post-thumbnail","6":"product_cat-bath-bombs","7":"product_cat-bath-bombs-sets","9":"first","10":"instock","11":"featured","12":"taxable","13":"shipping-taxable","14":"purchasable","15":"product-type-simple"},"jetpack_sharing_enabled":true,"_links":{"self":[{"href":"http:\/\/earthsthanks.com\/fr\/wp-json\/wp\/v2\/product\/380","targetHints":{"allow":["GET"]}}],"collection":[{"href":"http:\/\/earthsthanks.com\/fr\/wp-json\/wp\/v2\/product"}],"about":[{"href":"http:\/\/earthsthanks.com\/fr\/wp-json\/wp\/v2\/types\/product"}],"replies":[{"embeddable":true,"href":"http:\/\/earthsthanks.com\/fr\/wp-json\/wp\/v2\/comments?post=380"}],"wp:featuredmedia":[{"embeddable":true,"href":"http:\/\/earthsthanks.com\/fr\/wp-json\/wp\/v2\/media\/381"}],"wp:attachment":[{"href":"http:\/\/earthsthanks.com\/fr\/wp-json\/wp\/v2\/media?parent=380"}],"wp:term":[{"taxonomy":"product_brand","embeddable":true,"href":"http:\/\/earthsthanks.com\/fr\/wp-json\/wp\/v2\/product_brand?post=380"},{"taxonomy":"product_cat","embeddable":true,"href":"http:\/\/earthsthanks.com\/fr\/wp-json\/wp\/v2\/product_cat?post=380"},{"taxonomy":"product_tag","embeddable":true,"href":"http:\/\/earthsthanks.com\/fr\/wp-json\/wp\/v2\/product_tag?post=380"}],"curies":[{"name":"wp","href":"https:\/\/api.w.org\/{rel}","templated":true}]}}