{"id":464,"date":"2021-12-12T20:00:09","date_gmt":"2021-12-12T20:00:09","guid":{"rendered":"https:\/\/earthsthanks.com\/?post_type=product&#038;p=464"},"modified":"2024-12-19T03:08:41","modified_gmt":"2024-12-19T03:08:41","slug":"handmade-lavender-soap-bar","status":"publish","type":"product","link":"http:\/\/earthsthanks.com\/fr\/product\/handmade-lavender-soap-bar\/","title":{"rendered":"Barre de savon \u00e0 la lavande faite \u00e0 la main"},"content":{"rendered":"<p>Savon naturel artisanal \u00e0 la lavande<\/p>\n<p>Cette barre de lavande est si belle! Il sent bon et fera des merveilles pour votre peau ! L&#039;huile essentielle et les huiles et beurres bio apporteront les nutriments dont votre peau a besoin et la fleur de lavande s\u00e9ch\u00e9e l&#039;exfoliera en douceur.<\/p>\n<p>110 gr \/ 3,9 oz<\/p>\n<p>Ingr\u00e9dients : Huile d&#039;Olive Bio (Olea Europaea), Water Aqua, Huile de Coco Bio (Cocos Nucifera), Beurre de Karit\u00e9 Bio (Vitellaria paradoxa), Huile d&#039;Amande Douce (Prunus Amygdalus Dulcis), Huile de Ricin Bio (Ricinus Communis Seed Oil), HE de Lavande , Hydroxyde de Sodium, Fleurs de Lavande, Lactate de Sodium<\/p>","protected":false},"excerpt":{"rendered":"<p>Lavender handmade natural soap This lavender bar is so lovely! It smells wonderful and will do wonders for your skin! The essential oil and organic oils and butters will bring the nutriments your skin needs and the lavender dried flower will gently exfoliate it. 110 gr \/ 3.9 oz Ingredients: Organic Olive Oil (Olea Europaea), &hellip;<\/p>\n<p class=\"read-more\"> <a class=\"\" href=\"http:\/\/earthsthanks.com\/fr\/product\/handmade-lavender-soap-bar\/\"> <span class=\"screen-reader-text\">Barre de savon \u00e0 la lavande faite \u00e0 la main<\/span> Lire la suite\u00a0\u00bb<\/a><\/p>","protected":false},"featured_media":791,"comment_status":"open","ping_status":"closed","template":"","meta":{"site-sidebar-layout":"default","site-content-layout":"default","ast-main-header-display":"","ast-hfb-above-header-display":"","ast-hfb-below-header-display":"","ast-hfb-mobile-header-display":"","site-post-title":"","ast-breadcrumbs-content":"","ast-featured-img":"","footer-sml-layout":"","theme-transparent-header-meta":"default","adv-header-id-meta":"","stick-header-meta":"","header-above-stick-meta":"","header-main-stick-meta":"","header-below-stick-meta":""},"product_brand":[],"product_cat":[28],"product_tag":[],"class_list":{"0":"post-464","1":"product","2":"type-product","3":"status-publish","4":"has-post-thumbnail","6":"product_cat-soaps","8":"first","9":"instock","10":"taxable","11":"shipping-taxable","12":"purchasable","13":"product-type-simple"},"jetpack_sharing_enabled":true,"_links":{"self":[{"href":"http:\/\/earthsthanks.com\/fr\/wp-json\/wp\/v2\/product\/464","targetHints":{"allow":["GET"]}}],"collection":[{"href":"http:\/\/earthsthanks.com\/fr\/wp-json\/wp\/v2\/product"}],"about":[{"href":"http:\/\/earthsthanks.com\/fr\/wp-json\/wp\/v2\/types\/product"}],"replies":[{"embeddable":true,"href":"http:\/\/earthsthanks.com\/fr\/wp-json\/wp\/v2\/comments?post=464"}],"wp:featuredmedia":[{"embeddable":true,"href":"http:\/\/earthsthanks.com\/fr\/wp-json\/wp\/v2\/media\/791"}],"wp:attachment":[{"href":"http:\/\/earthsthanks.com\/fr\/wp-json\/wp\/v2\/media?parent=464"}],"wp:term":[{"taxonomy":"product_brand","embeddable":true,"href":"http:\/\/earthsthanks.com\/fr\/wp-json\/wp\/v2\/product_brand?post=464"},{"taxonomy":"product_cat","embeddable":true,"href":"http:\/\/earthsthanks.com\/fr\/wp-json\/wp\/v2\/product_cat?post=464"},{"taxonomy":"product_tag","embeddable":true,"href":"http:\/\/earthsthanks.com\/fr\/wp-json\/wp\/v2\/product_tag?post=464"}],"curies":[{"name":"wp","href":"https:\/\/api.w.org\/{rel}","templated":true}]}}