{"id":911,"date":"2022-04-03T16:37:16","date_gmt":"2022-04-03T16:37:16","guid":{"rendered":"https:\/\/earthsthanks.com\/?page_id=911"},"modified":"2022-04-03T16:50:20","modified_gmt":"2022-04-03T16:50:20","slug":"candles","status":"publish","type":"page","link":"https:\/\/earthsthanks.com\/fr\/candles\/","title":{"rendered":"Chandelles"},"content":{"rendered":"<div data-elementor-type=\"wp-page\" data-elementor-id=\"911\" class=\"elementor elementor-911\" data-elementor-post-type=\"page\">\n\t\t\t\t\t\t<section class=\"elementor-section elementor-top-section elementor-element elementor-element-c10cf85 elementor-section-height-min-height elementor-section-boxed elementor-section-height-default elementor-section-items-middle\" data-id=\"c10cf85\" data-element_type=\"section\" data-e-type=\"section\" data-settings=\"{&quot;background_background&quot;:&quot;classic&quot;}\">\n\t\t\t\t\t\t\t<div class=\"elementor-background-overlay\"><\/div>\n\t\t\t\t\t\t\t<div class=\"elementor-container elementor-column-gap-wider\">\n\t\t\t\t\t<div class=\"elementor-column elementor-col-100 elementor-top-column elementor-element elementor-element-124e3c4\" data-id=\"124e3c4\" data-element_type=\"column\" data-e-type=\"column\">\n\t\t\t<div class=\"elementor-widget-wrap elementor-element-populated\">\n\t\t\t\t\t\t<div class=\"elementor-element elementor-element-a360e74 de_scroll_animation_no elementor-invisible elementor-widget elementor-widget-heading\" data-id=\"a360e74\" data-element_type=\"widget\" data-e-type=\"widget\" data-settings=\"{&quot;_animation&quot;:&quot;fadeInUp&quot;,&quot;_animation_delay&quot;:600}\" data-widget_type=\"heading.default\">\n\t\t\t\t<div class=\"elementor-widget-container\">\n\t\t\t\t\t<h1 class=\"elementor-heading-title elementor-size-default\">Chandelles<\/h1>\t\t\t\t<\/div>\n\t\t\t\t<\/div>\n\t\t\t\t\t<\/div>\n\t\t<\/div>\n\t\t\t\t\t<\/div>\n\t\t<\/section>\n\t\t\t\t<section class=\"elementor-section elementor-top-section elementor-element elementor-element-de8173c elementor-section-boxed elementor-section-height-default elementor-section-height-default\" data-id=\"de8173c\" data-element_type=\"section\" data-e-type=\"section\">\n\t\t\t\t\t\t<div class=\"elementor-container elementor-column-gap-default\">\n\t\t\t\t\t<div class=\"elementor-column elementor-col-100 elementor-top-column elementor-element elementor-element-65ff69b\" data-id=\"65ff69b\" data-element_type=\"column\" data-e-type=\"column\">\n\t\t\t<div class=\"elementor-widget-wrap elementor-element-populated\">\n\t\t\t\t\t\t<div class=\"elementor-element elementor-element-fbd9b75 elementor-products-columns-3 de_scroll_animation_no elementor-widget elementor-widget-dethemekit-product-display\" data-id=\"fbd9b75\" data-element_type=\"widget\" data-e-type=\"widget\" data-widget_type=\"dethemekit-product-display.default\">\n\t\t\t\t<div class=\"elementor-widget-container\">\n\t\t\t\t\t            \n                                                <div class=\"ht-products woocommerce ht-row\" dir=\"ltr\" data-settings=''>\n\n                        \n                            <!--Product Start-->\n                            <div class=\"ht-product ht-col-lg-4 ht-col-md-6 ht-col-sm-6 ht-col-xs-12 mb-30 product ht-product-action-right ht-product-countdown-fill\">\n                                <div class=\"ht-product-inner\">\n\n                                    <div class=\"ht-product-image-wrap\">\n                                                                                <div class=\"ht-product-image\">\n                                                                                            <a href=\"https:\/\/earthsthanks.com\/fr\/product\/trio-of-autumn-scents-candles\/\"> \n                                                    <img fetchpriority=\"high\" decoding=\"async\" width=\"300\" height=\"300\" src=\"https:\/\/earthsthanks.com\/wp-content\/uploads\/2023\/09\/IMG_1316-300x300.jpg\" class=\"attachment-woocommerce_thumbnail size-woocommerce_thumbnail\" alt=\"Trio of Autumn scents Candles\" srcset=\"https:\/\/earthsthanks.com\/wp-content\/uploads\/2023\/09\/IMG_1316-300x300.jpg 300w, https:\/\/earthsthanks.com\/wp-content\/uploads\/2023\/09\/IMG_1316-1024x1024.jpg 1024w, https:\/\/earthsthanks.com\/wp-content\/uploads\/2023\/09\/IMG_1316-150x150.jpg 150w, https:\/\/earthsthanks.com\/wp-content\/uploads\/2023\/09\/IMG_1316-768x768.jpg 768w, https:\/\/earthsthanks.com\/wp-content\/uploads\/2023\/09\/IMG_1316-1536x1536.jpg 1536w, https:\/\/earthsthanks.com\/wp-content\/uploads\/2023\/09\/IMG_1316-12x12.jpg 12w, https:\/\/earthsthanks.com\/wp-content\/uploads\/2023\/09\/IMG_1316-1320x1320.jpg 1320w, https:\/\/earthsthanks.com\/wp-content\/uploads\/2023\/09\/IMG_1316-600x600.jpg 600w, https:\/\/earthsthanks.com\/wp-content\/uploads\/2023\/09\/IMG_1316-100x100.jpg 100w, https:\/\/earthsthanks.com\/wp-content\/uploads\/2023\/09\/IMG_1316.jpg 2048w\" sizes=\"(max-width: 300px) 100vw, 300px\" \/> \n                                                <\/a>\n                                            \n                                        <\/div>\n\n                                        \n                                                                                    <div class=\"ht-product-action\">\n                                                <ul class=\"dethemekit-action-btn-area\">\n                                                    <li>\n                                                        <a href=\"javascript:void(0);\" class=\"dethemekitquickview\" data-quick-id=\"1199\" >\n                                                            <i class=\"sli sli-magnifier\"><\/i>\n                                                            <span class=\"ht-product-action-tooltip\" data-no-translation=\"\" data-trp-gettext=\"\">Quick View<\/span>\n                                                        <\/a>\n                                                    <\/li>\n                                                                                                                                                            <li class=\"dethemekit-cart\"><a href=\"\/fr\/wp-json\/wp\/v2\/pages\/911?add-to-cart=1199\" aria-describedby=\"woocommerce_loop_add_to_cart_link_describedby_1199\" data-quantity=\"1\" class=\"button product_type_simple add_to_cart_button ajax_add_to_cart\" data-product_id=\"1199\" data-product_sku=\"\" aria-label=\"Ajouter au panier\u00a0: \u201cTrio of Autumn scents Candles\u201d\" rel=\"nofollow\" data-success_message=\"\u00ab\u00a0Trio of Autumn scents Candles\u00a0\u00bb a \u00e9t\u00e9 ajout\u00e9 \u00e0 votre panier\" role=\"button\" data-no-translation=\"\" data-trp-gettext=\"\" data-no-translation-aria-label=\"\" data-no-translation-data-success_message=\"\">Ajouter au panier<\/a>\t<span id=\"woocommerce_loop_add_to_cart_link_describedby_1199\" class=\"screen-reader-text\">\n\t\t\t<\/span>\n<\/li>\n                                                <\/ul>\n                                            <\/div>\n                                        \n                                    <\/div>\n\n                                    <div class=\"ht-product-content\">\n                                        <div class=\"ht-product-content-inner\">\n                                            <div class=\"ht-product-categories\"><a href=\"https:\/\/earthsthanks.com\/fr\/product-category\/candles\/\">Chandelles<\/a><\/div>\n                                            <h4 class=\"ht-product-title\"><a href=\"https:\/\/earthsthanks.com\/fr\/product\/trio-of-autumn-scents-candles\/\">Trio of Autumn scents Candles<\/a><\/h4>\n                                            <div class=\"ht-product-price\">\n\t<span class=\"price\"><span class=\"woocommerce-Price-amount amount\"><bdi><span class=\"woocommerce-Price-currencySymbol\">&#36;<\/span>27.99<\/bdi><\/span><\/span>\n<\/div>\n                                            <div class=\"ht-product-ratting-wrap\"><\/div>\n\n                                                                                                                                <\/div>\n                                                                            <\/div>\n\n                                <\/div>\n                            <\/div>\n                            <!--Product End-->\n\n                        \n                            <!--Product Start-->\n                            <div class=\"ht-product ht-col-lg-4 ht-col-md-6 ht-col-sm-6 ht-col-xs-12 mb-30 product ht-product-action-right ht-product-countdown-fill\">\n                                <div class=\"ht-product-inner\">\n\n                                    <div class=\"ht-product-image-wrap\">\n                                                                                <div class=\"ht-product-image\">\n                                                                                            <a href=\"https:\/\/earthsthanks.com\/fr\/product\/natural-lavender-candles-trio\/\"> \n                                                    <img decoding=\"async\" width=\"300\" height=\"300\" src=\"https:\/\/earthsthanks.com\/wp-content\/uploads\/2022\/03\/IMG_0121-300x300.jpg\" class=\"attachment-woocommerce_thumbnail size-woocommerce_thumbnail\" alt=\"Natural Lavender Candles Trio\" srcset=\"https:\/\/earthsthanks.com\/wp-content\/uploads\/2022\/03\/IMG_0121-300x300.jpg 300w, https:\/\/earthsthanks.com\/wp-content\/uploads\/2022\/03\/IMG_0121-150x150.jpg 150w, https:\/\/earthsthanks.com\/wp-content\/uploads\/2022\/03\/IMG_0121-100x100.jpg 100w\" sizes=\"(max-width: 300px) 100vw, 300px\" \/> \n                                                <\/a>\n                                            \n                                        <\/div>\n\n                                        \n                                                                                    <div class=\"ht-product-action\">\n                                                <ul class=\"dethemekit-action-btn-area\">\n                                                    <li>\n                                                        <a href=\"javascript:void(0);\" class=\"dethemekitquickview\" data-quick-id=\"890\" >\n                                                            <i class=\"sli sli-magnifier\"><\/i>\n                                                            <span class=\"ht-product-action-tooltip\" data-no-translation=\"\" data-trp-gettext=\"\">Quick View<\/span>\n                                                        <\/a>\n                                                    <\/li>\n                                                                                                                                                            <li class=\"dethemekit-cart\"><a href=\"\/fr\/wp-json\/wp\/v2\/pages\/911?add-to-cart=890\" aria-describedby=\"woocommerce_loop_add_to_cart_link_describedby_890\" data-quantity=\"1\" class=\"button product_type_simple add_to_cart_button ajax_add_to_cart\" data-product_id=\"890\" data-product_sku=\"\" aria-label=\"Ajouter au panier\u00a0: \u201cNatural Lavender Candles Trio\u201d\" rel=\"nofollow\" data-success_message=\"\u00ab\u00a0Natural Lavender Candles Trio\u00a0\u00bb a \u00e9t\u00e9 ajout\u00e9 \u00e0 votre panier\" role=\"button\" data-no-translation=\"\" data-trp-gettext=\"\" data-no-translation-aria-label=\"\" data-no-translation-data-success_message=\"\">Ajouter au panier<\/a>\t<span id=\"woocommerce_loop_add_to_cart_link_describedby_890\" class=\"screen-reader-text\">\n\t\t\t<\/span>\n<\/li>\n                                                <\/ul>\n                                            <\/div>\n                                        \n                                    <\/div>\n\n                                    <div class=\"ht-product-content\">\n                                        <div class=\"ht-product-content-inner\">\n                                            <div class=\"ht-product-categories\"><a href=\"https:\/\/earthsthanks.com\/fr\/product-category\/candles\/\">Chandelles<\/a><\/div>\n                                            <h4 class=\"ht-product-title\"><a href=\"https:\/\/earthsthanks.com\/fr\/product\/natural-lavender-candles-trio\/\">Trio de bougies \u00e0 la lavande naturelle<\/a><\/h4>\n                                            <div class=\"ht-product-price\">\n\t<span class=\"price\"><span class=\"woocommerce-Price-amount amount\"><bdi><span class=\"woocommerce-Price-currencySymbol\">&#36;<\/span>27.99<\/bdi><\/span><\/span>\n<\/div>\n                                            <div class=\"ht-product-ratting-wrap\"><\/div>\n\n                                                                                                                                <\/div>\n                                                                            <\/div>\n\n                                <\/div>\n                            <\/div>\n                            <!--Product End-->\n\n                                            <\/div>\n                            \n            \n        \t\t\t\t<\/div>\n\t\t\t\t<\/div>\n\t\t\t\t\t<\/div>\n\t\t<\/div>\n\t\t\t\t\t<\/div>\n\t\t<\/section>\n\t\t\t\t<\/div>","protected":false},"excerpt":{"rendered":"<p>Candles Quick View Add to cart Candles Natural Lavender Candles Trio &#36;42.99 Quick View Add to cart Candles Holiday Soy Candles Trio &#36;39.99<\/p>","protected":false},"author":1,"featured_media":0,"parent":0,"menu_order":0,"comment_status":"closed","ping_status":"closed","template":"","meta":{"site-sidebar-layout":"no-sidebar","site-content-layout":"page-builder","ast-main-header-display":"","ast-hfb-above-header-display":"","ast-hfb-below-header-display":"","ast-hfb-mobile-header-display":"","site-post-title":"disabled","ast-breadcrumbs-content":"","ast-featured-img":"disabled","footer-sml-layout":"","theme-transparent-header-meta":"","adv-header-id-meta":"","stick-header-meta":"","header-above-stick-meta":"","header-main-stick-meta":"","header-below-stick-meta":"","footnotes":""},"class_list":["post-911","page","type-page","status-publish","hentry"],"jetpack_sharing_enabled":true,"_links":{"self":[{"href":"https:\/\/earthsthanks.com\/fr\/wp-json\/wp\/v2\/pages\/911","targetHints":{"allow":["GET"]}}],"collection":[{"href":"https:\/\/earthsthanks.com\/fr\/wp-json\/wp\/v2\/pages"}],"about":[{"href":"https:\/\/earthsthanks.com\/fr\/wp-json\/wp\/v2\/types\/page"}],"author":[{"embeddable":true,"href":"https:\/\/earthsthanks.com\/fr\/wp-json\/wp\/v2\/users\/1"}],"replies":[{"embeddable":true,"href":"https:\/\/earthsthanks.com\/fr\/wp-json\/wp\/v2\/comments?post=911"}],"version-history":[{"count":4,"href":"https:\/\/earthsthanks.com\/fr\/wp-json\/wp\/v2\/pages\/911\/revisions"}],"predecessor-version":[{"id":916,"href":"https:\/\/earthsthanks.com\/fr\/wp-json\/wp\/v2\/pages\/911\/revisions\/916"}],"wp:attachment":[{"href":"https:\/\/earthsthanks.com\/fr\/wp-json\/wp\/v2\/media?parent=911"}],"curies":[{"name":"wp","href":"https:\/\/api.w.org\/{rel}","templated":true}]}}