{"id":1101,"date":"2022-10-30T22:04:26","date_gmt":"2022-10-30T22:04:26","guid":{"rendered":"https:\/\/earthsthanks.com\/?post_type=product&#038;p=1101"},"modified":"2024-12-19T03:06:22","modified_gmt":"2024-12-19T03:06:22","slug":"sleep-well-gift-set-lavender-soap-chamomile-bath-bomb-and-lavender-and-chamomile-soy-candle-all-handmade-eco-friendly","status":"publish","type":"product","link":"https:\/\/earthsthanks.com\/fr\/product\/sleep-well-gift-set-lavender-soap-chamomile-bath-bomb-and-lavender-and-chamomile-soy-candle-all-handmade-eco-friendly\/","title":{"rendered":"Coffret Dormez Bien"},"content":{"rendered":"<p>Ce coffret cadeau comprend un savon \u00e0 la lavande, une bombe de bain \u00e0 la camomille et une bougie de soja \u00e0 la lavande et \u00e0 la camomille, tous faits \u00e0 la main avec amour et avec des ingr\u00e9dients naturels\u00a0!<\/p>\n<p>C'est le kit parfait pour vous aider \u00e0 vous d\u00e9tendre juste avant le coucher. Les huiles essentielles de lavande et de camomille favoriseront une bonne nuit de sommeil.<\/p>\n<p>Ce coffret cadeau spa comprend :<\/p>\n<p class=\" translation-block\">une bombe de bain \u00e0 la camomille 130 gr \/ 4.6 oz<br>\nun savon lavande 110 gr \/ 3.9 oz<br>\nune bougie de soja lavande et camomille 4 oz<\/p>\n<p>Ingr\u00e9dients pour la bombe de bain \u00e0 la camomille : bicarbonate de sodium, acide citrique, huile de noix de coco biologique, huile de tournesol biologique, argile de kaolin, eau de camomille, hamam\u00e9lis, huile essentielle de camomille, colorant<\/p>\n<p>Ingr\u00e9dients pour le savon \u00e0 la lavande : Huile d'Olive Bio (Olea Europaea), Water Aqua, Huile de Coco Bio (Cocos Nucifera), Beurre de Karit\u00e9 Bio (Vitellaria paradoxa), Huile d'Amande Douce (Prunus Amygdalus Dulcis), Huile de Ricin Bio (Ricinus Communis Seed Oil ), HE de Lavande, Hydroxyde de Sodium, Fleurs de Lavande, Lactate de Sodium<\/p>\n<p>Ingr\u00e9dients pour bougie lavande et camomille : cire de bougie de soja, huile essentielle de lavande, huile essentielle de camomille, m\u00e8che en bois, p\u00e9tales de fleur de lavande et de camomille<\/p>","protected":false},"excerpt":{"rendered":"<p>This gift set includes a lavender soap, a chamomile bath bomb and a lavender and chamomile soy candle, all handmade with love and natural ingredients! It&#8217;s the perfect kit to help you relax just before bedtime. Lavender and chamomile essential oils will promote a great night of sleep. This spa gift set includes: a chamomile &hellip;<\/p>\n<p class=\"read-more\"> <a class=\"\" href=\"https:\/\/earthsthanks.com\/fr\/product\/sleep-well-gift-set-lavender-soap-chamomile-bath-bomb-and-lavender-and-chamomile-soy-candle-all-handmade-eco-friendly\/\"> <span class=\"screen-reader-text\">Coffret Dormez Bien<\/span> Lire la suite\u00a0\u00bb<\/a><\/p>","protected":false},"featured_media":1106,"comment_status":"open","ping_status":"closed","template":"","meta":{"site-sidebar-layout":"default","site-content-layout":"default","ast-main-header-display":"","ast-hfb-above-header-display":"","ast-hfb-below-header-display":"","ast-hfb-mobile-header-display":"","site-post-title":"","ast-breadcrumbs-content":"","ast-featured-img":"","footer-sml-layout":"","theme-transparent-header-meta":"default","adv-header-id-meta":"","stick-header-meta":"","header-above-stick-meta":"","header-main-stick-meta":"","header-below-stick-meta":""},"product_brand":[],"product_cat":[30],"product_tag":[45,48,50,43,52,51,47,44,49,42],"class_list":{"0":"post-1101","1":"product","2":"type-product","3":"status-publish","4":"has-post-thumbnail","6":"product_cat-ultimate-bath-kits","7":"product_tag-eco-friendly-bath","8":"product_tag-eco-friendly-gift","9":"product_tag-gift-for-her","10":"product_tag-gift-set-for-her","11":"product_tag-moisturizing-bath","12":"product_tag-natural-bath-bomb","13":"product_tag-organic-bath-bomb","14":"product_tag-relaxation-set","15":"product_tag-self-care-bath-set","16":"product_tag-vegan-gift","18":"first","19":"instock","20":"taxable","21":"shipping-taxable","22":"purchasable","23":"product-type-simple"},"jetpack_sharing_enabled":true,"_links":{"self":[{"href":"https:\/\/earthsthanks.com\/fr\/wp-json\/wp\/v2\/product\/1101","targetHints":{"allow":["GET"]}}],"collection":[{"href":"https:\/\/earthsthanks.com\/fr\/wp-json\/wp\/v2\/product"}],"about":[{"href":"https:\/\/earthsthanks.com\/fr\/wp-json\/wp\/v2\/types\/product"}],"replies":[{"embeddable":true,"href":"https:\/\/earthsthanks.com\/fr\/wp-json\/wp\/v2\/comments?post=1101"}],"wp:featuredmedia":[{"embeddable":true,"href":"https:\/\/earthsthanks.com\/fr\/wp-json\/wp\/v2\/media\/1106"}],"wp:attachment":[{"href":"https:\/\/earthsthanks.com\/fr\/wp-json\/wp\/v2\/media?parent=1101"}],"wp:term":[{"taxonomy":"product_brand","embeddable":true,"href":"https:\/\/earthsthanks.com\/fr\/wp-json\/wp\/v2\/product_brand?post=1101"},{"taxonomy":"product_cat","embeddable":true,"href":"https:\/\/earthsthanks.com\/fr\/wp-json\/wp\/v2\/product_cat?post=1101"},{"taxonomy":"product_tag","embeddable":true,"href":"https:\/\/earthsthanks.com\/fr\/wp-json\/wp\/v2\/product_tag?post=1101"}],"curies":[{"name":"wp","href":"https:\/\/api.w.org\/{rel}","templated":true}]}}