{"id":223,"date":"2021-11-21T23:11:11","date_gmt":"2021-11-21T23:11:11","guid":{"rendered":"https:\/\/earthsthanks.com\/?post_type=product&#038;p=223"},"modified":"2024-12-19T03:10:47","modified_gmt":"2024-12-19T03:10:47","slug":"fruit-mix-bath-bomb-orange-strawberry-raspberry-and-cherry","status":"publish","type":"product","link":"https:\/\/earthsthanks.com\/fr\/product\/fruit-mix-bath-bomb-orange-strawberry-raspberry-and-cherry\/","title":{"rendered":"Bombe de bain mixte de fruits (orange, fraise, framboise et cerise)"},"content":{"rendered":"<p>Bombe de bain ultra fruit\u00e9e ! Votre prochain bain sera d\u00e9licieux ! Honn\u00eatement, vous ne croirez pas \u00e0 quel point cette bombe de bain sent bon, essayez-la et vous comprendrez !<\/p>\n<p>Ingr\u00e9dients : bicarbonate de sodium, acide citrique, huile de noix de coco biologique, huile de tournesol biologique, argile de kaolin, hamam\u00e9lis, huile essentielle d&#039;orange, huile de parfum naturel de fraise, huile de parfum naturel de cerise, huile de parfum naturel de framboise, colorant<\/p>\n<p>140g<\/p>","protected":false},"excerpt":{"rendered":"<p>Ultra fruity bath bomb! Your next bath will be deligthful! Honestly, you won&#8217;t believe how nice this bath bomb smell, just try it and you&#8217;ll understand! Ingredients:\u00a0\u00a0sodium bicarbonate,\u00a0citric acid, organic coconut oil, organic sunflower\u00a0oil, kaolin clay,witch hazel, orange essential oil, strawberry natural fragrance\u00a0oil,\u00a0cherry natural fragrance\u00a0oil, raspberry natural fragrance\u00a0oil, color 140g<\/p>","protected":false},"featured_media":1029,"comment_status":"open","ping_status":"closed","template":"","meta":{"site-sidebar-layout":"default","site-content-layout":"default","ast-main-header-display":"","ast-hfb-above-header-display":"","ast-hfb-below-header-display":"","ast-hfb-mobile-header-display":"","site-post-title":"","ast-breadcrumbs-content":"","ast-featured-img":"","footer-sml-layout":"","theme-transparent-header-meta":"default","adv-header-id-meta":"","stick-header-meta":"","header-above-stick-meta":"","header-main-stick-meta":"","header-below-stick-meta":""},"product_brand":[],"product_cat":[22],"product_tag":[],"class_list":{"0":"post-223","1":"product","2":"type-product","3":"status-publish","4":"has-post-thumbnail","6":"product_cat-bath-bombs","8":"first","9":"instock","10":"taxable","11":"shipping-taxable","12":"purchasable","13":"product-type-simple"},"jetpack_sharing_enabled":true,"_links":{"self":[{"href":"https:\/\/earthsthanks.com\/fr\/wp-json\/wp\/v2\/product\/223","targetHints":{"allow":["GET"]}}],"collection":[{"href":"https:\/\/earthsthanks.com\/fr\/wp-json\/wp\/v2\/product"}],"about":[{"href":"https:\/\/earthsthanks.com\/fr\/wp-json\/wp\/v2\/types\/product"}],"replies":[{"embeddable":true,"href":"https:\/\/earthsthanks.com\/fr\/wp-json\/wp\/v2\/comments?post=223"}],"wp:featuredmedia":[{"embeddable":true,"href":"https:\/\/earthsthanks.com\/fr\/wp-json\/wp\/v2\/media\/1029"}],"wp:attachment":[{"href":"https:\/\/earthsthanks.com\/fr\/wp-json\/wp\/v2\/media?parent=223"}],"wp:term":[{"taxonomy":"product_brand","embeddable":true,"href":"https:\/\/earthsthanks.com\/fr\/wp-json\/wp\/v2\/product_brand?post=223"},{"taxonomy":"product_cat","embeddable":true,"href":"https:\/\/earthsthanks.com\/fr\/wp-json\/wp\/v2\/product_cat?post=223"},{"taxonomy":"product_tag","embeddable":true,"href":"https:\/\/earthsthanks.com\/fr\/wp-json\/wp\/v2\/product_tag?post=223"}],"curies":[{"name":"wp","href":"https:\/\/api.w.org\/{rel}","templated":true}]}}