{"id":890,"date":"2022-03-20T01:05:25","date_gmt":"2022-03-20T01:05:25","guid":{"rendered":"https:\/\/earthsthanks.com\/?post_type=product&#038;p=890"},"modified":"2024-12-19T03:07:22","modified_gmt":"2024-12-19T03:07:22","slug":"natural-lavender-candles-trio","status":"publish","type":"product","link":"https:\/\/earthsthanks.com\/fr\/product\/natural-lavender-candles-trio\/","title":{"rendered":"Trio de bougies \u00e0 la lavande naturelle"},"content":{"rendered":"<p>Coffret trio de bougies au soja naturel<\/p>\n<p>Ce trio de bougies relaxantes est parfait pour votre &quot;Me time&quot;. Les parfums apaisants et relaxants des variations de lavande aident \u00e0 soulager l&#039;anxi\u00e9t\u00e9 et le stress et procurent le calme.<\/p>\n<p>Le premier : La bougie \u00e0 la lavande et \u00e0 la camomille peut aider \u00e0 gu\u00e9rir vos maux de t\u00eate tout en am\u00e9liorant votre humeur. Les deux parfums favorisent une bonne nuit de sommeil et r\u00e9duisent l&#039;insomnie.<\/p>\n<p>La seconde : Bougie Lavande et Orange est un choix parfait pour vos moments de bien-\u00eatre et de soins personnels tandis que les huiles essentielles d&#039;orange vous aideront \u00e0 dormir profond\u00e9ment.<\/p>\n<p>La troisi\u00e8me : La Bougie Lavande et Vanille aide \u00e0 r\u00e9duire le stress et \u00e0 vous calmer tandis que la vanille augmente le sentiment de bonheur et de joie.<\/p>\n<p>Ingr\u00e9dients pour Bougie Lavande et Camomille : Cire de bougie de soja, huile essentielle de lavande, huile essentielle de camomille, fleurs de camomille, fleurs de lavande, m\u00e8ches en bois.<\/p>\n<p>Ingr\u00e9dients pour Bougie Lavande et Orange : Cire de bougie de soja, huile essentielle de lavande, huile essentielle d&#039;orange, p\u00e9tales de carthame, m\u00e8ches en bois.<\/p>\n<p>Ingr\u00e9dients pour Bougie Lavande et Vanille : Cire de bougie de soja, huile essentielle de lavande, huile essentielle de vanille, p\u00e9tales de bleuet, m\u00e8ches en bois.<\/p>\n<p>Profitez de bains sans culpabilit\u00e9\u00a0! Fabriqu\u00e9es avec des ingr\u00e9dients 100% naturels et de haute qualit\u00e9, nos bougies respectent la Terre. Alors profitez de votre bain et savourez ce moment apaisant.<\/p>\n<p>Nos emballages sont \u00e9galement respectueux de l'environnement : nous utilisons des mat\u00e9riaux recycl\u00e9s qui peuvent ensuite \u00eatre r\u00e9utilis\u00e9s, recycl\u00e9s ou compost\u00e9s. Nos \u00e9tiquettes sont m\u00eame en pierre donc vous pouvez \u00eatre rassur\u00e9 qu'il y aura Z\u00c9RO D\u00c9CHET!<\/p>\n<p>Chaque bougie est fabriqu\u00e9e avec amour et attention (c&#039;est-\u00e0-dire \u00e0 la main !) et est emball\u00e9e avec soin afin que votre nouvel acolyte de bain soit s\u00fbr d&#039;arriver en parfait \u00e9tat.<\/p>\n<p>Ces bougies font un excellent cadeau pour un \u00eatre cher (ou vous-m\u00eame, #TreatYoSelf\u00a0!)<br \/>\n\u00c0 la caisse, vous pouvez choisir si vous souhaitez envoyer votre commande en cadeau. Vous pourrez ajouter un message \u00e0 inclure dans la bo\u00eete (et nous inclurons m\u00eame une petite surprise de notre part !) \ud83d\ude09<\/p>\n<p>\u2013 100% naturel<br \/>\n\u2013 Emballages fabriqu\u00e9s \u00e0 partir de mat\u00e9riaux recycl\u00e9s<br \/>\n\u2013 Les emballages sont r\u00e9utilisables, recyclables ou compostables<\/p>","protected":false},"excerpt":{"rendered":"<p>Trio de bougies de soja naturel \u00e0 la lavande<\/p>","protected":false},"featured_media":895,"comment_status":"open","ping_status":"closed","template":"","meta":{"site-sidebar-layout":"default","site-content-layout":"default","ast-main-header-display":"","ast-hfb-above-header-display":"","ast-hfb-below-header-display":"","ast-hfb-mobile-header-display":"","site-post-title":"","ast-breadcrumbs-content":"","ast-featured-img":"","footer-sml-layout":"","theme-transparent-header-meta":"default","adv-header-id-meta":"","stick-header-meta":"","header-above-stick-meta":"","header-main-stick-meta":"","header-below-stick-meta":""},"product_brand":[],"product_cat":[27],"product_tag":[],"class_list":{"0":"post-890","1":"product","2":"type-product","3":"status-publish","4":"has-post-thumbnail","6":"product_cat-candles","8":"first","9":"instock","10":"taxable","11":"shipping-taxable","12":"purchasable","13":"product-type-simple"},"jetpack_sharing_enabled":true,"_links":{"self":[{"href":"https:\/\/earthsthanks.com\/fr\/wp-json\/wp\/v2\/product\/890","targetHints":{"allow":["GET"]}}],"collection":[{"href":"https:\/\/earthsthanks.com\/fr\/wp-json\/wp\/v2\/product"}],"about":[{"href":"https:\/\/earthsthanks.com\/fr\/wp-json\/wp\/v2\/types\/product"}],"replies":[{"embeddable":true,"href":"https:\/\/earthsthanks.com\/fr\/wp-json\/wp\/v2\/comments?post=890"}],"wp:featuredmedia":[{"embeddable":true,"href":"https:\/\/earthsthanks.com\/fr\/wp-json\/wp\/v2\/media\/895"}],"wp:attachment":[{"href":"https:\/\/earthsthanks.com\/fr\/wp-json\/wp\/v2\/media?parent=890"}],"wp:term":[{"taxonomy":"product_brand","embeddable":true,"href":"https:\/\/earthsthanks.com\/fr\/wp-json\/wp\/v2\/product_brand?post=890"},{"taxonomy":"product_cat","embeddable":true,"href":"https:\/\/earthsthanks.com\/fr\/wp-json\/wp\/v2\/product_cat?post=890"},{"taxonomy":"product_tag","embeddable":true,"href":"https:\/\/earthsthanks.com\/fr\/wp-json\/wp\/v2\/product_tag?post=890"}],"curies":[{"name":"wp","href":"https:\/\/api.w.org\/{rel}","templated":true}]}}